{"id":192,"date":"2016-09-07T10:45:37","date_gmt":"2016-09-07T08:45:37","guid":{"rendered":"http:\/\/www.bareltxoko.com\/en\/?page_id=192"},"modified":"2021-08-11T19:10:35","modified_gmt":"2021-08-11T17:10:35","slug":"inicio","status":"publish","type":"page","link":"http:\/\/www.bareltxoko.com\/en\/","title":{"rendered":"Inicio"},"content":{"rendered":"<p>[et_pb_section admin_label=&#8221;section&#8221; fullwidth=&#8221;on&#8221;][et_pb_fullwidth_slider admin_label=&#8221;Fullwidth Slider&#8221; show_arrows=&#8221;on&#8221; show_pagination=&#8221;on&#8221; auto=&#8221;off&#8221; parallax=&#8221;on&#8221; auto_ignore_hover=&#8221;off&#8221; parallax_method=&#8221;off&#8221; remove_inner_shadow=&#8221;off&#8221; background_position=&#8221;default&#8221; background_size=&#8221;default&#8221; hide_content_on_mobile=&#8221;off&#8221; hide_cta_on_mobile=&#8221;off&#8221; show_image_video_mobile=&#8221;off&#8221; custom_button=&#8221;off&#8221; button_letter_spacing=&#8221;0&#8243; button_use_icon=&#8221;default&#8221; button_icon_placement=&#8221;right&#8221; button_on_hover=&#8221;on&#8221; button_letter_spacing_hover=&#8221;0&#8243;] [et_pb_slide background_color=&#8221;#ffffff&#8221; alignment=&#8221;center&#8221; background_layout=&#8221;dark&#8221; video_bg_width=&#8221;1920&#8243; video_bg_height=&#8221;638&#8243; background_position=&#8221;default&#8221; background_size=&#8221;default&#8221; use_bg_overlay=&#8221;off&#8221; use_text_overlay=&#8221;off&#8221; allow_player_pause=&#8221;off&#8221; text_border_radius=&#8221;3&#8243; header_font_select=&#8221;default&#8221; header_font=&#8221;|on|||&#8221; body_font_select=&#8221;default&#8221; body_font=&#8221;||||&#8221; custom_button=&#8221;off&#8221; button_font_select=&#8221;default&#8221; button_font=&#8221;||||&#8221; button_use_icon=&#8221;default&#8221; button_icon_placement=&#8221;right&#8221; button_on_hover=&#8221;on&#8221; heading=&#8221;Tu Txoko&#8221; body_font_size=&#8221;19&#8243; body_font_size_tablet=&#8221;19&#8243; body_font_size_phone=&#8221;19&#8243; body_text_color=&#8221;#dd3333&#8243; header_font_size=&#8221;68&#8243; header_font_size_tablet=&#8221;68&#8243; header_font_size_phone=&#8221;68&#8243;] [\/et_pb_slide] [\/et_pb_fullwidth_slider][\/et_pb_section][et_pb_section admin_label=&#8221;section&#8221; fullwidth=&#8221;off&#8221; transparent_background=&#8221;on&#8221; background_color=&#8221;#ffffff&#8221; allow_player_pause=&#8221;off&#8221; inner_shadow=&#8221;off&#8221; parallax=&#8221;off&#8221; parallax_method=&#8221;off&#8221; padding_mobile=&#8221;off&#8221; make_fullwidth=&#8221;off&#8221; use_custom_width=&#8221;off&#8221; width_unit=&#8221;on&#8221; make_equal=&#8221;off&#8221; use_custom_gutter=&#8221;off&#8221; module_class=&#8221;tenedoraco&#8221;][et_pb_row admin_label=&#8221;Fila&#8221;][et_pb_column type=&#8221;4_4&#8243;][et_pb_text admin_label=&#8221;Para Comer&#8221; background_layout=&#8221;light&#8221; text_orientation=&#8221;center&#8221; use_border_color=&#8221;off&#8221; border_color=&#8221;#ffffff&#8221; border_style=&#8221;solid&#8221;]<\/p>\n<p>&nbsp;<\/p>\n<hr \/>\n<p>Pasa, ac\u00e9rcate a la barra, qu\u00e9date en el porche, o si\u00e9ntate en la terraza. \u00a1Aqu\u00ed siempre hay sitio para uno m\u00e1s!<\/p>\n<p>[\/et_pb_text][\/et_pb_column][\/et_pb_row][et_pb_row admin_label=&#8221;Fila&#8221; make_fullwidth=&#8221;off&#8221; use_custom_width=&#8221;off&#8221; width_unit=&#8221;on&#8221; use_custom_gutter=&#8221;off&#8221; padding_mobile=&#8221;off&#8221; allow_player_pause=&#8221;off&#8221; parallax=&#8221;off&#8221; parallax_method=&#8221;off&#8221; make_equal=&#8221;off&#8221; parallax_1=&#8221;off&#8221; parallax_method_1=&#8221;off&#8221; parallax_2=&#8221;off&#8221; parallax_method_2=&#8221;off&#8221; column_padding_mobile=&#8221;on&#8221;][et_pb_column type=&#8221;1_2&#8243;][\/et_pb_column][et_pb_column type=&#8221;1_2&#8243;][\/et_pb_column][\/et_pb_row][et_pb_row admin_label=&#8221;Fila&#8221;][et_pb_column type=&#8221;1_2&#8243;][\/et_pb_column][et_pb_column type=&#8221;1_2&#8243;][\/et_pb_column][\/et_pb_row][et_pb_row admin_label=&#8221;Fila&#8221; make_fullwidth=&#8221;off&#8221; use_custom_width=&#8221;off&#8221; width_unit=&#8221;on&#8221; use_custom_gutter=&#8221;off&#8221; padding_mobile=&#8221;off&#8221; allow_player_pause=&#8221;off&#8221; parallax=&#8221;off&#8221; parallax_method=&#8221;off&#8221; make_equal=&#8221;off&#8221; parallax_1=&#8221;off&#8221; parallax_method_1=&#8221;off&#8221; parallax_2=&#8221;off&#8221; parallax_method_2=&#8221;off&#8221; column_padding_mobile=&#8221;on&#8221;][et_pb_column type=&#8221;1_2&#8243;][\/et_pb_column][et_pb_column type=&#8221;1_2&#8243;][\/et_pb_column][\/et_pb_row][et_pb_row admin_label=&#8221;Fila&#8221;][et_pb_column type=&#8221;1_2&#8243;][\/et_pb_column][et_pb_column type=&#8221;1_2&#8243;][\/et_pb_column][\/et_pb_row][\/et_pb_section][et_pb_section admin_label=&#8221;Secci\u00f3n&#8221; fullwidth=&#8221;off&#8221; specialty=&#8221;off&#8221; transparent_background=&#8221;off&#8221; background_color=&#8221;#2e1f16&#8243; allow_player_pause=&#8221;off&#8221; inner_shadow=&#8221;off&#8221; parallax=&#8221;off&#8221; parallax_method=&#8221;off&#8221; padding_mobile=&#8221;off&#8221; make_fullwidth=&#8221;off&#8221; use_custom_width=&#8221;off&#8221; width_unit=&#8221;on&#8221; make_equal=&#8221;off&#8221; use_custom_gutter=&#8221;off&#8221; custom_css_main_element=&#8221;display:none;&#8221;][et_pb_row admin_label=&#8221;Fila&#8221;][et_pb_column type=&#8221;1_4&#8243;][et_pb_number_counter admin_label=&#8221;Contador de n\u00famero&#8221; title=&#8221;Cuando se fund\u00f3 el actual bar&#8221; number=&#8221;1963&#8243; percent_sign=&#8221;off&#8221; counter_color=&#8221;#9f8f79&#8243; background_layout=&#8221;dark&#8221; use_border_color=&#8221;off&#8221; border_color=&#8221;#ffffff&#8221; border_style=&#8221;solid&#8221;]<br \/>\n[\/et_pb_number_counter][\/et_pb_column][et_pb_column type=&#8221;1_4&#8243;][et_pb_number_counter admin_label=&#8221;Contador de n\u00famero&#8221; title=&#8221;Pintxos de autor&#8221; number=&#8221;22&#8243; percent_sign=&#8221;off&#8221; counter_color=&#8221;#ffffff&#8221; background_layout=&#8221;dark&#8221; use_border_color=&#8221;off&#8221; border_color=&#8221;#ffffff&#8221; border_style=&#8221;solid&#8221;]<br \/>\n[\/et_pb_number_counter][\/et_pb_column][et_pb_column type=&#8221;1_4&#8243;][et_pb_number_counter admin_label=&#8221;Contador de n\u00famero&#8221; title=&#8221;Litros de cerveza y vino al mes&#8221; number=&#8221;700&#8243; percent_sign=&#8221;off&#8221; counter_color=&#8221;#a28789&#8243; background_layout=&#8221;dark&#8221; use_border_color=&#8221;off&#8221; border_color=&#8221;#ffffff&#8221; border_style=&#8221;solid&#8221;]<br \/>\n[\/et_pb_number_counter][\/et_pb_column][et_pb_column type=&#8221;1_4&#8243;][et_pb_number_counter admin_label=&#8221;Contador de n\u00famero&#8221; title=&#8221;Falta&#8221; number=&#8221;45&#8243; percent_sign=&#8221;off&#8221; counter_color=&#8221;#f9d628&#8243; background_layout=&#8221;dark&#8221; use_border_color=&#8221;off&#8221; border_color=&#8221;#ffffff&#8221; border_style=&#8221;solid&#8221;]<br \/>\n[\/et_pb_number_counter][\/et_pb_column][\/et_pb_row][\/et_pb_section][et_pb_section admin_label=&#8221;Secci\u00f3n&#8221; fullwidth=&#8221;on&#8221; specialty=&#8221;off&#8221;][et_pb_fullwidth_portfolio admin_label=&#8221;Portafolios de anchura completa&#8221; fullwidth=&#8221;on&#8221; show_title=&#8221;off&#8221; show_date=&#8221;off&#8221; background_layout=&#8221;dark&#8221; auto=&#8221;on&#8221; hover_overlay_color=&#8221;rgba(255,255,255,0.9)&#8221; use_border_color=&#8221;off&#8221; border_color=&#8221;#ffffff&#8221; border_style=&#8221;solid&#8221;]<br \/>\n[\/et_pb_fullwidth_portfolio][\/et_pb_section]<\/p>\n","protected":false},"excerpt":{"rendered":"<p>&nbsp; Pasa, ac\u00e9rcate a la barra, qu\u00e9date en el porche, o si\u00e9ntate en la terraza. \u00a1Aqu\u00ed siempre hay sitio para uno m\u00e1s!<\/p>\n","protected":false},"author":1,"featured_media":0,"parent":0,"menu_order":0,"comment_status":"closed","ping_status":"closed","template":"","meta":{"_et_pb_use_builder":"on","_et_pb_old_content":"","_et_gb_content_width":"","footnotes":""},"class_list":["post-192","page","type-page","status-publish","hentry"],"aioseo_notices":[],"_links":{"self":[{"href":"http:\/\/www.bareltxoko.com\/en\/wp-json\/wp\/v2\/pages\/192","targetHints":{"allow":["GET"]}}],"collection":[{"href":"http:\/\/www.bareltxoko.com\/en\/wp-json\/wp\/v2\/pages"}],"about":[{"href":"http:\/\/www.bareltxoko.com\/en\/wp-json\/wp\/v2\/types\/page"}],"author":[{"embeddable":true,"href":"http:\/\/www.bareltxoko.com\/en\/wp-json\/wp\/v2\/users\/1"}],"replies":[{"embeddable":true,"href":"http:\/\/www.bareltxoko.com\/en\/wp-json\/wp\/v2\/comments?post=192"}],"version-history":[{"count":51,"href":"http:\/\/www.bareltxoko.com\/en\/wp-json\/wp\/v2\/pages\/192\/revisions"}],"predecessor-version":[{"id":1126,"href":"http:\/\/www.bareltxoko.com\/en\/wp-json\/wp\/v2\/pages\/192\/revisions\/1126"}],"wp:attachment":[{"href":"http:\/\/www.bareltxoko.com\/en\/wp-json\/wp\/v2\/media?parent=192"}],"curies":[{"name":"wp","href":"https:\/\/api.w.org\/{rel}","templated":true}]}}