{"id":529,"date":"2016-10-21T09:04:26","date_gmt":"2016-10-21T07:04:26","guid":{"rendered":"http:\/\/www.bareltxoko.com\/fr\/historia\/"},"modified":"2017-01-09T17:55:36","modified_gmt":"2017-01-09T16:55:36","slug":"historia","status":"publish","type":"page","link":"http:\/\/www.bareltxoko.com\/fr\/historia\/","title":{"rendered":"Histoire"},"content":{"rendered":"<p>[et_pb_section admin_label=\u00a0\u00bbsection\u00a0\u00bb fullwidth=\u00a0\u00bbon\u00a0\u00bb][et_pb_fullwidth_slider admin_label=\u00a0\u00bbFullwidth Slider\u00a0\u00bb show_arrows=\u00a0\u00bbon\u00a0\u00bb show_pagination=\u00a0\u00bbon\u00a0\u00bb auto=\u00a0\u00bboff\u00a0\u00bb parallax=\u00a0\u00bbon\u00a0\u00bb auto_ignore_hover=\u00a0\u00bboff\u00a0\u00bb parallax_method=\u00a0\u00bboff\u00a0\u00bb remove_inner_shadow=\u00a0\u00bboff\u00a0\u00bb background_position=\u00a0\u00bbdefault\u00a0\u00bb background_size=\u00a0\u00bbdefault\u00a0\u00bb hide_content_on_mobile=\u00a0\u00bboff\u00a0\u00bb hide_cta_on_mobile=\u00a0\u00bboff\u00a0\u00bb show_image_video_mobile=\u00a0\u00bboff\u00a0\u00bb custom_button=\u00a0\u00bboff\u00a0\u00bb button_letter_spacing=\u00a0\u00bb0&Prime; button_use_icon=\u00a0\u00bbdefault\u00a0\u00bb button_icon_placement=\u00a0\u00bbright\u00a0\u00bb button_on_hover=\u00a0\u00bbon\u00a0\u00bb button_letter_spacing_hover=\u00a0\u00bb0&Prime;]<\/p>\n<p>[et_pb_slide heading=\u00a0\u00bbHistoire\u00a0\u00bb background_color=\u00a0\u00bb#ffffff\u00a0\u00bb alignment=\u00a0\u00bbcenter\u00a0\u00bb background_layout=\u00a0\u00bbdark\u00a0\u00bb video_bg_width=\u00a0\u00bb1920&Prime; video_bg_height=\u00a0\u00bb638&Prime; background_image=\u00a0\u00bbhttp:\/\/www.bareltxoko.com\/wp-content\/uploads\/2016\/09\/txoko-historia.jpg\u00a0\u00bb background_position=\u00a0\u00bbdefault\u00a0\u00bb background_size=\u00a0\u00bbdefault\u00a0\u00bb use_bg_overlay=\u00a0\u00bboff\u00a0\u00bb use_text_overlay=\u00a0\u00bboff\u00a0\u00bb allow_player_pause=\u00a0\u00bboff\u00a0\u00bb text_border_radius=\u00a0\u00bb3&Prime; header_font_select=\u00a0\u00bbdefault\u00a0\u00bb header_font=\u00a0\u00bb||||\u00a0\u00bb body_font_select=\u00a0\u00bbdefault\u00a0\u00bb body_font=\u00a0\u00bb||||\u00a0\u00bb custom_button=\u00a0\u00bboff\u00a0\u00bb button_font_select=\u00a0\u00bbdefault\u00a0\u00bb button_font=\u00a0\u00bb||||\u00a0\u00bb button_use_icon=\u00a0\u00bbdefault\u00a0\u00bb button_icon_placement=\u00a0\u00bbright\u00a0\u00bb button_on_hover=\u00a0\u00bbon\u00a0\u00bb]<\/p>\n<hr>\n<p>Un bar charg\u00e9 en \u00abpetites batailles\u00bb<\/p>\n<p>[\/et_pb_slide]<\/p>\n<p>[\/et_pb_fullwidth_slider][\/et_pb_section][et_pb_section admin_label=\u00a0\u00bbsection\u00a0\u00bb fullwidth=\u00a0\u00bboff\u00a0\u00bb transparent_background=\u00a0\u00bbon\u00a0\u00bb background_color=\u00a0\u00bb#ffffff\u00a0\u00bb allow_player_pause=\u00a0\u00bboff\u00a0\u00bb inner_shadow=\u00a0\u00bboff\u00a0\u00bb parallax=\u00a0\u00bboff\u00a0\u00bb parallax_method=\u00a0\u00bboff\u00a0\u00bb padding_mobile=\u00a0\u00bboff\u00a0\u00bb make_fullwidth=\u00a0\u00bboff\u00a0\u00bb use_custom_width=\u00a0\u00bboff\u00a0\u00bb width_unit=\u00a0\u00bbon\u00a0\u00bb make_equal=\u00a0\u00bboff\u00a0\u00bb use_custom_gutter=\u00a0\u00bboff\u00a0\u00bb module_class=\u00a0\u00bbequis\u00a0\u00bb][et_pb_row admin_label=\u00a0\u00bbFila\u00a0\u00bb][et_pb_column type=\u00a0\u00bb4_4&Prime;][et_pb_text admin_label=\u00a0\u00bbTexto\u00a0\u00bb background_layout=\u00a0\u00bblight\u00a0\u00bb text_orientation=\u00a0\u00bbcenter\u00a0\u00bb use_border_color=\u00a0\u00bboff\u00a0\u00bb border_color=\u00a0\u00bb#ffffff\u00a0\u00bb border_style=\u00a0\u00bbsolid\u00a0\u00bb]<\/p>\n<hr>\n<p>Notre histoire est celle de Pampelune, celle de ses festivit\u00e9s de la Saint-Firmin, mais aussi celle d\u2019un des \u00e9crivains les plus connus au monde. En effet, l\u2019illustre Ernest Hemingway s\u2019arr\u00eatait toujours au Txoko (\u00e0 cette \u00e9poque-l\u00e0 \u00ab Choko \u00bb) apr\u00e8s la course de taureaux pour bavarder pendant des heures avec ses amis.<\/p>\n<p>Et telle est la ferveur que ses livres suscitent et la passion avec laquelle il d\u00e9crit ses voyages \u00e0 Pampelune, que chaque ann\u00e9e des dizaines de touristes am\u00e9ricains nous rendent visite pour commander la boisson habituelle de l\u2019\u00e9crivain : un milk-shake \u00e0 la vanille et au cognac. Alors si vous avez envie de suivre les pas d\u2019Hemingway, vous savez o\u00f9 vous arr\u00eater et ce que vous devez commander! <\/p>\n<p>Vous pouvez en savoir plus sur le circuit d\u2019Hemingway <a href=\"http:\/\/www.turismo.navarra.es\/esp\/organice-viaje\/recurso\/Rutas\/4798\/Ruta-de-Ernest-Miller-Hemingway.htm\" target=\"_blank\">ici<\/a> et <a href=\"http:\/\/sanferminprensa.com\/tras-las-huellas-de-hemingway\/\" target=\"_blank\">ici<\/a>.<\/p>\n<p>[\/et_pb_text][\/et_pb_column][\/et_pb_row][\/et_pb_section]<\/p>\n","protected":false},"excerpt":{"rendered":"<p>Un bar charg\u00e9 en \u00abpetites batailles\u00bb Notre histoire est celle de Pampelune, celle de ses festivit\u00e9s de la Saint-Firmin, mais aussi celle d\u2019un des \u00e9crivains les plus connus au monde. En effet, l\u2019illustre Ernest Hemingway s\u2019arr\u00eatait toujours au Txoko (\u00e0 cette \u00e9poque-l\u00e0 \u00ab Choko \u00bb) apr\u00e8s la course de taureaux pour bavarder pendant des heures [&hellip;]<\/p>\n","protected":false},"author":1,"featured_media":0,"parent":0,"menu_order":0,"comment_status":"closed","ping_status":"closed","template":"","meta":{"_et_pb_use_builder":"on","_et_pb_old_content":"","_et_gb_content_width":"","footnotes":""},"class_list":["post-529","page","type-page","status-publish","hentry"],"aioseo_notices":[],"_links":{"self":[{"href":"http:\/\/www.bareltxoko.com\/fr\/wp-json\/wp\/v2\/pages\/529","targetHints":{"allow":["GET"]}}],"collection":[{"href":"http:\/\/www.bareltxoko.com\/fr\/wp-json\/wp\/v2\/pages"}],"about":[{"href":"http:\/\/www.bareltxoko.com\/fr\/wp-json\/wp\/v2\/types\/page"}],"author":[{"embeddable":true,"href":"http:\/\/www.bareltxoko.com\/fr\/wp-json\/wp\/v2\/users\/1"}],"replies":[{"embeddable":true,"href":"http:\/\/www.bareltxoko.com\/fr\/wp-json\/wp\/v2\/comments?post=529"}],"version-history":[{"count":2,"href":"http:\/\/www.bareltxoko.com\/fr\/wp-json\/wp\/v2\/pages\/529\/revisions"}],"predecessor-version":[{"id":531,"href":"http:\/\/www.bareltxoko.com\/fr\/wp-json\/wp\/v2\/pages\/529\/revisions\/531"}],"wp:attachment":[{"href":"http:\/\/www.bareltxoko.com\/fr\/wp-json\/wp\/v2\/media?parent=529"}],"curies":[{"name":"wp","href":"https:\/\/api.w.org\/{rel}","templated":true}]}}